{"id":2862,"date":"2025-03-24T10:56:31","date_gmt":"2025-03-24T10:56:31","guid":{"rendered":"https:\/\/qiq.mjf.mybluehost.me\/?page_id=2862"},"modified":"2025-09-07T23:01:23","modified_gmt":"2025-09-07T23:01:23","slug":"network","status":"publish","type":"page","link":"https:\/\/digitalculturesandarts.ch\/de\/network\/","title":{"rendered":"netzwerk"},"content":{"rendered":"<div class=\"wp-block-columns is-layout-flex wp-container-core-columns-is-layout-28f84493 wp-block-columns-is-layout-flex\">\n<div class=\"wp-block-column is-layout-flow wp-block-column-is-layout-flow\" style=\"flex-basis:50%\">\n<hr class=\"is-style-wide wp-block-separator has-text-color has-alpha-channel-opacity has-background\" style=\"background-color:#dcdcdc;color:#dcdcdc\"\/>\n\n\n\n<div class=\"wp-block-group is-layout-flow wp-block-group-is-layout-flow\">\n<h2 class=\"is-style-default wp-block-heading has-geist-mono-font-family has-custom-1-font-size has-custom-font\" style=\"padding-top:0;padding-bottom:var(--wp--preset--spacing--10);font-style:normal;font-weight:400;font-family:geist-mono\">AFFILIATIONEN<\/h2>\n\n\n\n<div class=\"wp-block-group is-layout-grid wp-container-core-group-is-layout-b757edec wp-block-group-is-layout-grid\">\n<div class=\"animated fadeIn wp-block-group has-background wp-container-content-91e0b0f7 is-layout-flow wp-block-group-is-layout-flow\" style=\"border-radius:6px;background-color:#f1f1f1;padding-top:var(--wp--preset--spacing--10);padding-right:var(--wp--preset--spacing--10);padding-bottom:var(--wp--preset--spacing--10);padding-left:var(--wp--preset--spacing--10)\">\n<p style=\"font-style:normal;font-weight:500\" class=\"\"><a data-type=\"link\" data-id=\"https:\/\/www.dizh.uzh.ch\" href=\"https:\/\/www.dizh.uzh.ch\">DIZH \u2013 Digitalisierungsinitiative der Z\u00fcrcher Hochschulen<\/a><\/p>\n\n\n\n<hr class=\"is-style-wide wp-block-separator has-text-color has-alpha-channel-opacity has-background\" style=\"background-color:#dddddd;color:#dddddd\"\/>\n\n\n\n<p class=\"\">Die Br\u00fcckenprofessur wird erm\u00f6glicht durch die Digitalisierungsinitiative der Z\u00fcrcher Hochschulen.<a href=\"https:\/\/www.dsi.uzh.ch\/en\/education\/excellence-program.html\"><\/a><\/p>\n<\/div>\n\n\n\n<div class=\"animated fadeIn delay-200ms wp-block-group has-background is-layout-flow wp-block-group-is-layout-flow\" style=\"border-radius:6px;background-color:#f1f1f1;padding-top:var(--wp--preset--spacing--10);padding-right:var(--wp--preset--spacing--10);padding-bottom:var(--wp--preset--spacing--10);padding-left:var(--wp--preset--spacing--10)\">\n<p style=\"font-style:normal;font-weight:500\" class=\"\"><a href=\"https:\/\/www.film.uzh.ch\">Seminar f\u00fcr Filmwissenschaft, UZH<\/a><\/p>\n\n\n\n<hr class=\"is-style-wide wp-block-separator has-text-color has-alpha-channel-opacity has-background\" style=\"background-color:#dddddd;color:#dddddd\"\/>\n\n\n\n<p class=\"\">An der Universit\u00e4t Z\u00fcrich ist die Br\u00fcckenprofessur am Departement Filmwissenschaft angesiedelt.<\/p>\n<\/div>\n\n\n\n<div class=\"animated fadeIn delay-200ms wp-block-group has-background is-layout-flow wp-block-group-is-layout-flow\" style=\"border-radius:6px;background-color:#f1f1f1;padding-top:var(--wp--preset--spacing--10);padding-right:var(--wp--preset--spacing--10);padding-bottom:var(--wp--preset--spacing--10);padding-left:var(--wp--preset--spacing--10)\">\n<p style=\"font-style:normal;font-weight:500\" class=\"\"><a href=\"https:\/\/www.digitalreligions.uzh.ch\">UFSP Digital Religion(s)<\/a><\/p>\n\n\n\n<hr class=\"is-style-wide wp-block-separator has-text-color has-alpha-channel-opacity has-background\" style=\"background-color:#dddddd;color:#dddddd\"\/>\n\n\n\n<p class=\"\">Die Br\u00fcckenprofessur ist an einem Teilprojekt des UFSP Digital Religion(s) an der Universit\u00e4t Z\u00fcrich beteiligt.<\/p>\n<\/div>\n\n\n\n<div class=\"animated fadeIn delay-200ms wp-block-group has-background wp-container-content-5e2576f9 is-layout-flow wp-block-group-is-layout-flow\" style=\"border-radius:6px;background-color:#f1f1f1;padding-top:var(--wp--preset--spacing--10);padding-right:var(--wp--preset--spacing--10);padding-bottom:var(--wp--preset--spacing--10);padding-left:var(--wp--preset--spacing--10)\">\n<p style=\"font-style:normal;font-weight:500\" class=\"\"><a href=\"https:\/\/www.zhdk.ch\/departemente\/dkv\">Departement Kulturanalysen und Vermittlung<\/a><\/p>\n\n\n\n<hr class=\"is-style-wide wp-block-separator has-text-color has-alpha-channel-opacity has-background\" style=\"background-color:#dddddd;color:#dddddd\"\/>\n\n\n\n<p class=\"\">An der Z\u00fcrcher Hochschule der K\u00fcnste ist die Br\u00fcckenprofessur am Department Kulturanalysen und Vermittlung (DKV) angesiedelt.<\/p>\n<\/div>\n\n\n\n<div class=\"animated fadeIn delay-100ms wp-block-group has-background wp-container-content-5e2576f9 is-layout-flow wp-block-group-is-layout-flow\" style=\"border-radius:6px;background-color:#f1f1f1;padding-top:var(--wp--preset--spacing--10);padding-right:var(--wp--preset--spacing--10);padding-bottom:var(--wp--preset--spacing--10);padding-left:var(--wp--preset--spacing--10)\">\n<p style=\"font-style:normal;font-weight:500\" class=\"\"><a href=\"https:\/\/www.zentrumkuensteundkulturtheorie.ch\/veranstaltungen\/aktuell\/\">Zentrum K\u00fcnste und Kulturtheorie (ZKK)<\/a><\/p>\n\n\n\n<hr class=\"is-style-wide wp-block-separator has-text-color has-alpha-channel-opacity has-background\" style=\"background-color:#dddddd;color:#dddddd\"\/>\n\n\n\n<p class=\"\">Das ZKK ist ein gemeinsames Forschungszentrum der Universit\u00e4t Z\u00fcrich und der Z\u00fcrcher Hochschule f\u00fcr Kunst, mit dem die Br\u00fcckenprofessur eng zusammenarbeitet.<\/p>\n<\/div>\n<\/div>\n<\/div>\n<\/div>\n\n\n\n<div class=\"wp-block-column is-layout-flow wp-block-column-is-layout-flow\" style=\"flex-basis:50%\">\n<hr class=\"is-style-wide wp-block-separator has-text-color has-alpha-channel-opacity has-background\" style=\"background-color:#dcdcdc;color:#dcdcdc\"\/>\n\n\n\n<h2 class=\"wp-block-heading has-geist-mono-font-family has-custom-1-font-size has-custom-font\" style=\"padding-top:0;padding-bottom:var(--wp--preset--spacing--10);font-style:normal;font-weight:400;font-family:geist-mono\">REGIONALE PARTNER<\/h2>\n\n\n\n<div class=\"animated fadeIn o-anim-offset-20px delay-200ms wp-block-group is-layout-grid wp-container-core-group-is-layout-b757edec wp-block-group-is-layout-grid\">\n<div class=\"wp-block-group has-background is-layout-flow wp-block-group-is-layout-flow\" style=\"border-radius:6px;background-color:#f1f1f1;padding-top:var(--wp--preset--spacing--10);padding-right:var(--wp--preset--spacing--10);padding-bottom:var(--wp--preset--spacing--10);padding-left:var(--wp--preset--spacing--10)\">\n<div class=\"wp-block-group is-content-justification-space-between is-nowrap is-layout-flex wp-container-core-group-is-layout-cb46ffcb wp-block-group-is-layout-flex\">\n<p style=\"font-style:normal;font-weight:500\" class=\"\"><a href=\"https:\/\/dvstudies.net\" data-type=\"link\" data-id=\"https:\/\/dvstudies.net\">Digital Visual Studies<\/a><\/p>\n<\/div>\n<\/div>\n\n\n\n<div class=\"wp-block-group has-background is-layout-flow wp-block-group-is-layout-flow\" style=\"border-radius:6px;background-color:#f1f1f1;padding-top:var(--wp--preset--spacing--10);padding-right:var(--wp--preset--spacing--10);padding-bottom:var(--wp--preset--spacing--10);padding-left:var(--wp--preset--spacing--10)\">\n<div class=\"wp-block-group is-content-justification-space-between is-nowrap is-layout-flex wp-container-core-group-is-layout-cb46ffcb wp-block-group-is-layout-flex\">\n<p style=\"font-style:normal;font-weight:500\" class=\"\"><a href=\"https:\/\/www.zhdk.ch\/en\/departments\/dfa\">Department of Fine Arts, ZHdK<\/a><\/p>\n<\/div>\n<\/div>\n\n\n\n<div class=\"wp-block-group has-background is-layout-flow wp-block-group-is-layout-flow\" style=\"border-radius:6px;background-color:#f1f1f1;padding-top:var(--wp--preset--spacing--10);padding-right:var(--wp--preset--spacing--10);padding-bottom:var(--wp--preset--spacing--10);padding-left:var(--wp--preset--spacing--10)\">\n<div class=\"wp-block-group is-content-justification-space-between is-nowrap is-layout-flex wp-container-core-group-is-layout-cb46ffcb wp-block-group-is-layout-flex\">\n<p style=\"font-style:normal;font-weight:500\" class=\"\"><a href=\"https:\/\/www.dsi.uzh.ch\/en.html\">Digital Society Initiative<\/a><\/p>\n<\/div>\n<\/div>\n\n\n\n<div class=\"wp-block-group has-background is-layout-flow wp-block-group-is-layout-flow\" style=\"border-radius:6px;background-color:#f1f1f1;padding-top:var(--wp--preset--spacing--10);padding-right:var(--wp--preset--spacing--10);padding-bottom:var(--wp--preset--spacing--10);padding-left:var(--wp--preset--spacing--10)\">\n<p style=\"font-style:normal;font-weight:500\" class=\"\"><a href=\"https:\/\/www.fotomuseum.ch\/de\">Fotomuseum Winterthur<\/a><\/p>\n<\/div>\n\n\n\n<div class=\"wp-block-group has-background is-layout-flow wp-block-group-is-layout-flow\" style=\"border-radius:6px;background-color:#f1f1f1;padding-top:var(--wp--preset--spacing--10);padding-right:var(--wp--preset--spacing--10);padding-bottom:var(--wp--preset--spacing--10);padding-left:var(--wp--preset--spacing--10)\">\n<p style=\"font-style:normal;font-weight:500\" class=\"\"><a href=\"https:\/\/www.zhdk.ch\/digital\">ZHdK Digital Dossier<\/a><\/p>\n<\/div>\n<\/div>\n\n\n\n<div style=\"height:3px\" aria-hidden=\"true\" class=\"wp-block-spacer\"><\/div>\n\n\n\n<hr class=\"is-style-wide wp-block-separator has-text-color has-alpha-channel-opacity has-background\" style=\"background-color:#dcdcdc;color:#dcdcdc\"\/>\n\n\n\n<h2 class=\"wp-block-heading has-geist-mono-font-family has-custom-1-font-size has-custom-font\" style=\"padding-top:0;padding-bottom:var(--wp--preset--spacing--10);font-style:normal;font-weight:400;font-family:geist-mono\">INTERNATIONALE PARTNER <\/h2>\n\n\n\n<div class=\"animated fadeIn o-anim-offset-20px delay-200ms wp-block-group is-layout-grid wp-container-core-group-is-layout-b757edec wp-block-group-is-layout-grid\">\n<div class=\"wp-block-group has-background is-layout-flow wp-block-group-is-layout-flow\" style=\"border-radius:6px;background-color:#f1f1f1;padding-top:var(--wp--preset--spacing--10);padding-right:var(--wp--preset--spacing--10);padding-bottom:var(--wp--preset--spacing--10);padding-left:var(--wp--preset--spacing--10)\">\n<p style=\"font-style:normal;font-weight:500\" class=\"\"><a href=\"https:\/\/www.digitalesbild.gwi.uni-muenchen.de\">SPP Das digitale Bild<\/a><\/p>\n<\/div>\n\n\n\n<div class=\"wp-block-group has-background is-layout-flow wp-block-group-is-layout-flow\" style=\"border-radius:6px;background-color:#f1f1f1;padding-top:var(--wp--preset--spacing--10);padding-right:var(--wp--preset--spacing--10);padding-bottom:var(--wp--preset--spacing--10);padding-left:var(--wp--preset--spacing--10)\">\n<p style=\"font-style:normal;font-weight:500\" class=\"\"><a href=\"https:\/\/www.virtuelle-lebenswelten.de\">SFB Virtuelle Lebenswelten<\/a><\/p>\n<\/div>\n\n\n\n<div class=\"wp-block-group has-background wp-container-content-5e2576f9 is-layout-flow wp-block-group-is-layout-flow\" style=\"border-radius:6px;background-color:#f1f1f1;padding-top:var(--wp--preset--spacing--10);padding-right:var(--wp--preset--spacing--10);padding-bottom:var(--wp--preset--spacing--10);padding-left:var(--wp--preset--spacing--10)\">\n<p style=\"font-style:normal;font-weight:500\" class=\"\"><a href=\"https:\/\/www.dtb.hu-berlin.de\/de\">Das Technische Bild<\/a><\/p>\n<\/div>\n\n\n\n<div class=\"wp-block-group has-background is-layout-flow wp-block-group-is-layout-flow\" style=\"border-radius:6px;background-color:#f1f1f1;padding-top:var(--wp--preset--spacing--10);padding-right:var(--wp--preset--spacing--10);padding-bottom:var(--wp--preset--spacing--10);padding-left:var(--wp--preset--spacing--10)\">\n<p style=\"font-style:normal;font-weight:500\" class=\"\"><a href=\"https:\/\/www.criticaldatalab.org\">Critical Data Lab<\/a><\/p>\n<\/div>\n<\/div>\n<\/div>\n<\/div>\n\n\n\n<div style=\"height:30px\" aria-hidden=\"true\" class=\"wp-block-spacer\"><\/div>\n\n\n\n<div class=\"animated fadeIn delay-100ms o-anim-offset-20px wp-block-columns is-layout-flex wp-container-core-columns-is-layout-28f84493 wp-block-columns-is-layout-flex\">\n<div class=\"wp-block-column is-layout-flow wp-block-column-is-layout-flow\" style=\"flex-basis:50%\">\n<div class=\"wp-block-group is-layout-flow wp-block-group-is-layout-flow\">\n<hr class=\"is-style-wide wp-block-separator has-text-color has-alpha-channel-opacity has-background\" style=\"background-color:#dcdcdc;color:#dcdcdc\"\/>\n\n\n\n<h2 class=\"is-style-default wp-block-heading has-geist-mono-font-family has-custom-1-font-size has-custom-font\" style=\"padding-top:0;padding-bottom:var(--wp--preset--spacing--10);font-style:normal;font-weight:400;font-family:geist-mono\">KONTAKT AUFNEHMEN<\/h2>\n\n\n\n<p class=\"\">Prof. Dr. Roland Meyer<\/p>\n\n\n\n<p class=\"\">DIZH-Br\u00fcckenprofessur Digitale Kulturen und K\u00fcnste<br>ZKK \u2013 Zentrum K\u00fcnste und Kulturtheorie<br>Universit\u00e4t Z\u00fcrich und Z\u00fcrcher Hochschule&nbsp;der K\u00fcnste ZHdK<br>Affolternstr. 56 | 8050 Z\u00fcrich | Switzerland<\/p>\n\n\n\n<p style=\"line-height:0\" class=\"\"><a href=\"mailto:roland.meyer@uzh.ch\">roland.meyer@uzh.ch <\/a><\/p>\n<\/div>\n<\/div>\n\n\n\n<div class=\"wp-block-column is-layout-flow wp-block-column-is-layout-flow\" style=\"flex-basis:50%\"><\/div>\n<\/div>\n\n\n\n<p class=\"\"><\/p>","protected":false},"excerpt":{"rendered":"<p>AFFILIATIONS DIZH &#8211; Digitalization\u00a0Initiative\u00a0of\u00a0the\u00a0Zurich\u00a0Higher\u00a0Education\u00a0Institutions The bridge professorship was made possible through the DIZH, the Digitalization&nbsp;Initiative&nbsp;of&nbsp;the&nbsp;Zurich&nbsp;Higher&nbsp;Education&nbsp;Institutions Department of Film Studies, UZH At the University of Zurich, the bridge professorship is affiliated with the Department of Film Studies. UFSP Digital Religion(s) The bridge professorship contributes to the UFSP Digital Religion(s) at the University of Zurich. Department Cultural [&hellip;]<\/p>\n","protected":false},"author":1,"featured_media":0,"parent":0,"menu_order":0,"comment_status":"closed","ping_status":"closed","template":"","meta":{"nf_dc_page":"","_coblocks_attr":"","_coblocks_dimensions":"","_coblocks_responsive_height":"","_coblocks_accordion_ie_support":"","_FSMCFIC_featured_image_caption":"","_FSMCFIC_featured_image_nocaption":"","_FSMCFIC_featured_image_hide":"","footnotes":""},"class_list":["post-2862","page","type-page","status-publish","hentry"],"mb":[],"yoast_head":"<!-- This site is optimized with the Yoast SEO plugin v27.4 - https:\/\/yoast.com\/product\/yoast-seo-wordpress\/ -->\n<title>network - digital cultures and arts<\/title>\n<meta name=\"robots\" content=\"index, follow, max-snippet:-1, max-image-preview:large, max-video-preview:-1\" \/>\n<link rel=\"canonical\" href=\"https:\/\/digitalculturesandarts.ch\/de\/network\/\" \/>\n<meta property=\"og:locale\" content=\"de_DE\" \/>\n<meta property=\"og:type\" content=\"article\" \/>\n<meta property=\"og:title\" content=\"Network\" \/>\n<meta property=\"og:description\" content=\"Affiliations, Collaborators and Friends of the DIZH Bridge Professorship between University of Zurich and Zurich University of the Arts\" \/>\n<meta property=\"og:url\" content=\"https:\/\/digitalculturesandarts.ch\/de\/network\/\" \/>\n<meta property=\"og:site_name\" content=\"digital cultures and arts\" \/>\n<meta property=\"article:modified_time\" content=\"2025-09-07T23:01:23+00:00\" \/>\n<meta property=\"og:image\" content=\"https:\/\/digitalculturesandarts.ch\/wp-content\/uploads\/2025\/04\/network-blob.png\" \/>\n\t<meta property=\"og:image:width\" content=\"1200\" \/>\n\t<meta property=\"og:image:height\" content=\"675\" \/>\n\t<meta property=\"og:image:type\" content=\"image\/png\" \/>\n<meta name=\"twitter:card\" content=\"summary_large_image\" \/>\n<script type=\"application\/ld+json\" class=\"yoast-schema-graph\">{\"@context\":\"https:\\\/\\\/schema.org\",\"@graph\":[{\"@type\":\"WebPage\",\"@id\":\"https:\\\/\\\/digitalculturesandarts.ch\\\/network\\\/\",\"url\":\"https:\\\/\\\/digitalculturesandarts.ch\\\/network\\\/\",\"name\":\"network - digital cultures and arts\",\"isPartOf\":{\"@id\":\"https:\\\/\\\/digitalculturesandarts.ch\\\/#website\"},\"datePublished\":\"2025-03-24T10:56:31+00:00\",\"dateModified\":\"2025-09-07T23:01:23+00:00\",\"breadcrumb\":{\"@id\":\"https:\\\/\\\/digitalculturesandarts.ch\\\/network\\\/#breadcrumb\"},\"inLanguage\":\"de-CH\",\"potentialAction\":[{\"@type\":\"ReadAction\",\"target\":[\"https:\\\/\\\/digitalculturesandarts.ch\\\/network\\\/\"]}]},{\"@type\":\"BreadcrumbList\",\"@id\":\"https:\\\/\\\/digitalculturesandarts.ch\\\/network\\\/#breadcrumb\",\"itemListElement\":[{\"@type\":\"ListItem\",\"position\":1,\"name\":\"Home\",\"item\":\"https:\\\/\\\/digitalculturesandarts.ch\\\/\"},{\"@type\":\"ListItem\",\"position\":2,\"name\":\"network\"}]},{\"@type\":\"WebSite\",\"@id\":\"https:\\\/\\\/digitalculturesandarts.ch\\\/#website\",\"url\":\"https:\\\/\\\/digitalculturesandarts.ch\\\/\",\"name\":\"digital cultures and arts\",\"description\":\"Bridge Professorship between the University of Zurich and Zurich University of the Arts\",\"publisher\":{\"@id\":\"https:\\\/\\\/digitalculturesandarts.ch\\\/#organization\"},\"alternateName\":\"digitale kulturen und k\u00fcnste\",\"potentialAction\":[{\"@type\":\"SearchAction\",\"target\":{\"@type\":\"EntryPoint\",\"urlTemplate\":\"https:\\\/\\\/digitalculturesandarts.ch\\\/?s={search_term_string}\"},\"query-input\":{\"@type\":\"PropertyValueSpecification\",\"valueRequired\":true,\"valueName\":\"search_term_string\"}}],\"inLanguage\":\"de-CH\"},{\"@type\":\"Organization\",\"@id\":\"https:\\\/\\\/digitalculturesandarts.ch\\\/#organization\",\"name\":\"digital cultures and arts\",\"alternateName\":\"digitale kulturen und k\u00fcnste\",\"url\":\"https:\\\/\\\/digitalculturesandarts.ch\\\/\",\"logo\":{\"@type\":\"ImageObject\",\"inLanguage\":\"de-CH\",\"@id\":\"https:\\\/\\\/digitalculturesandarts.ch\\\/#\\\/schema\\\/logo\\\/image\\\/\",\"url\":\"https:\\\/\\\/digitalculturesandarts.ch\\\/wp-content\\\/uploads\\\/2025\\\/04\\\/cropped-col.png\",\"contentUrl\":\"https:\\\/\\\/digitalculturesandarts.ch\\\/wp-content\\\/uploads\\\/2025\\\/04\\\/cropped-col.png\",\"width\":512,\"height\":512,\"caption\":\"digital cultures and arts\"},\"image\":{\"@id\":\"https:\\\/\\\/digitalculturesandarts.ch\\\/#\\\/schema\\\/logo\\\/image\\\/\"},\"sameAs\":[\"https:\\\/\\\/www.instagram.com\\\/digitalculturesandarts\\\/\"]}]}<\/script>\n<!-- \/ Yoast SEO plugin. -->","yoast_head_json":{"title":"network - digital cultures and arts","robots":{"index":"index","follow":"follow","max-snippet":"max-snippet:-1","max-image-preview":"max-image-preview:large","max-video-preview":"max-video-preview:-1"},"canonical":"https:\/\/digitalculturesandarts.ch\/de\/network\/","og_locale":"de_DE","og_type":"article","og_title":"Network","og_description":"Affiliations, Collaborators and Friends of the DIZH Bridge Professorship between University of Zurich and Zurich University of the Arts","og_url":"https:\/\/digitalculturesandarts.ch\/de\/network\/","og_site_name":"digital cultures and arts","article_modified_time":"2025-09-07T23:01:23+00:00","og_image":[{"width":1200,"height":675,"url":"https:\/\/digitalculturesandarts.ch\/wp-content\/uploads\/2025\/04\/network-blob.png","type":"image\/png"}],"twitter_card":"summary_large_image","schema":{"@context":"https:\/\/schema.org","@graph":[{"@type":"WebPage","@id":"https:\/\/digitalculturesandarts.ch\/network\/","url":"https:\/\/digitalculturesandarts.ch\/network\/","name":"network - digital cultures and arts","isPartOf":{"@id":"https:\/\/digitalculturesandarts.ch\/#website"},"datePublished":"2025-03-24T10:56:31+00:00","dateModified":"2025-09-07T23:01:23+00:00","breadcrumb":{"@id":"https:\/\/digitalculturesandarts.ch\/network\/#breadcrumb"},"inLanguage":"de-CH","potentialAction":[{"@type":"ReadAction","target":["https:\/\/digitalculturesandarts.ch\/network\/"]}]},{"@type":"BreadcrumbList","@id":"https:\/\/digitalculturesandarts.ch\/network\/#breadcrumb","itemListElement":[{"@type":"ListItem","position":1,"name":"Home","item":"https:\/\/digitalculturesandarts.ch\/"},{"@type":"ListItem","position":2,"name":"network"}]},{"@type":"WebSite","@id":"https:\/\/digitalculturesandarts.ch\/#website","url":"https:\/\/digitalculturesandarts.ch\/","name":"digitale kulturen und k\u00fcnste","description":"Bridge Professorship between the University of Zurich and Zurich University of the Arts","publisher":{"@id":"https:\/\/digitalculturesandarts.ch\/#organization"},"alternateName":"digitale kulturen und k\u00fcnste","potentialAction":[{"@type":"SearchAction","target":{"@type":"EntryPoint","urlTemplate":"https:\/\/digitalculturesandarts.ch\/?s={search_term_string}"},"query-input":{"@type":"PropertyValueSpecification","valueRequired":true,"valueName":"search_term_string"}}],"inLanguage":"de-CH"},{"@type":"Organization","@id":"https:\/\/digitalculturesandarts.ch\/#organization","name":"digitale kulturen und k\u00fcnste","alternateName":"digitale kulturen und k\u00fcnste","url":"https:\/\/digitalculturesandarts.ch\/","logo":{"@type":"ImageObject","inLanguage":"de-CH","@id":"https:\/\/digitalculturesandarts.ch\/#\/schema\/logo\/image\/","url":"https:\/\/digitalculturesandarts.ch\/wp-content\/uploads\/2025\/04\/cropped-col.png","contentUrl":"https:\/\/digitalculturesandarts.ch\/wp-content\/uploads\/2025\/04\/cropped-col.png","width":512,"height":512,"caption":"digital cultures and arts"},"image":{"@id":"https:\/\/digitalculturesandarts.ch\/#\/schema\/logo\/image\/"},"sameAs":["https:\/\/www.instagram.com\/digitalculturesandarts\/"]}]}},"mfb_rest_fields":["title","yoast_head","yoast_head_json"],"_links":{"self":[{"href":"https:\/\/digitalculturesandarts.ch\/de\/wp-json\/wp\/v2\/pages\/2862","targetHints":{"allow":["GET"]}}],"collection":[{"href":"https:\/\/digitalculturesandarts.ch\/de\/wp-json\/wp\/v2\/pages"}],"about":[{"href":"https:\/\/digitalculturesandarts.ch\/de\/wp-json\/wp\/v2\/types\/page"}],"author":[{"embeddable":true,"href":"https:\/\/digitalculturesandarts.ch\/de\/wp-json\/wp\/v2\/users\/1"}],"replies":[{"embeddable":true,"href":"https:\/\/digitalculturesandarts.ch\/de\/wp-json\/wp\/v2\/comments?post=2862"}],"version-history":[{"count":20,"href":"https:\/\/digitalculturesandarts.ch\/de\/wp-json\/wp\/v2\/pages\/2862\/revisions"}],"predecessor-version":[{"id":6433,"href":"https:\/\/digitalculturesandarts.ch\/de\/wp-json\/wp\/v2\/pages\/2862\/revisions\/6433"}],"wp:attachment":[{"href":"https:\/\/digitalculturesandarts.ch\/de\/wp-json\/wp\/v2\/media?parent=2862"}],"curies":[{"name":"wp","href":"https:\/\/api.w.org\/{rel}","templated":true}]}}